{"id":5774,"date":"2020-08-03T10:10:25","date_gmt":"2020-08-03T08:10:25","guid":{"rendered":"https:\/\/peaceful-edison.82-165-104-144.plesk.page\/privacy-policy\/"},"modified":"2020-12-22T17:37:32","modified_gmt":"2020-12-22T16:37:32","slug":"privacy-policy","status":"publish","type":"page","link":"https:\/\/antichitaalessio.com\/en\/privacy-policy\/","title":{"rendered":"Privacy Policy"},"content":{"rendered":"<p>[vc_row][vc_column][vc_column_text]<\/p>\n<h2>Informativa trattamento dati personali<\/h2>\n<p><strong>\u00a0<\/strong><\/p>\n<p><strong>ALESSIO MOBILI DI ALESSIO ROBERTO &amp; C. S.N.C.,<\/strong> in qualit\u00e0 di titolare del trattamento dei dati personali ai sensi degli artt.13 e 14 del Regolamento UE 679\/2016 &#8211; Regolamento Generale sulla Protezione dei Dati (\u201cRGPD\u201d), in ottemperanza agli obblighi dettati dal legislatore a tutela della privacy, con la presente desidera informarLa in via preventiva, tanto dell&#8217;uso dei suoi dati personali, quanto dei suoi diritti, comunicando quanto segue:<\/p>\n<ul>\n<li>OGGETTO DEL TRATTAMENTO<br \/>\nI dati oggetto del trattamento sono:dati di navigazione;<br \/>\ndati personali, identificativi e di contatto.<\/li>\n<\/ul>\n<ul>\n<li>FONTE DEI DATI TRATTATI<br \/>\nIl Titolare tratta i dati di navigazione e i dati personali conferiti spontaneamente dall\u2019interessato in occasione di:interazioni attraverso il sito intern<a href=\"https:\/\/antichitaalessio.com\/\">et www.antichitaalessio.com<\/a><\/li>\n<\/ul>\n<ul>\n<li>FINALIT\u00c0 E BASE GIURIDICA DEL TRATTAMENTO<\/li>\n<\/ul>\n<p>I dati di natura personale da Lei volontariamente forniti saranno oggetto di trattamento per le finalit\u00e0 di seguito indicate.<\/p>\n<p>Per quanto concerne i <u>dati di navigazione<\/u>: consentire all\u2019utente la navigazione sul sito del Titolare del trattamento; effettuare ricerche\/analisi statistiche su dati aggregati o anonimi, senza possibilit\u00e0 di identificare il Visitatore, volte a misurare il funzionamento, il traffico e l\u2019interesse del Sito stesso; adempiere obblighi giuridici ai quali il Titolare sia soggetto.<\/p>\n<p>Per quanto riguarda i <u>dati personali, identificativi e di contatto<\/u>:<\/p>\n<ul>\n<li>in esecuzione del contratto tra l\u2019interessato e ALESSIO MOBILI DI ALESSIO ROBERTO &amp; C. S.N.C. o in esecuzione di misure precontrattuali adottate su richiesta dell\u2019interessato stesso per:<\/li>\n<li>espletare le attivit\u00e0 amministrativo-contabili strettamente connesse e strumentali agli adempimenti fiscali e burocratici e alla gestione organizzativa delle prestazioni richieste;<\/li>\n<li>scambiare informazioni, ivi comprese le attivit\u00e0 pre e post contrattuali;<\/li>\n<li>formalizzare le richieste di informazioni;<\/li>\n<li>formulare richieste o evadere le richieste<\/li>\n<\/ul>\n<ul>\n<li>COOKIE POLICY<\/li>\n<\/ul>\n<p>Questa Applicazione fa utilizzo di Cookie. Per saperne di pi\u00f9 e per prendere visione dell\u2019informativa dettagliata, l\u2019Utente pu\u00f2 consultare la <u>Cookie Policy.<\/u><\/p>\n<ul>\n<li>DIFFUSIONE E COMUNICAZIONE DEI DATI<\/li>\n<\/ul>\n<p>I dati personali trattati dal Titolare non saranno diffusi, ovvero non ne verr\u00e0 data conoscenza a soggetti indeterminati, in nessuna possibile forma, inclusa quella della loro messa a disposizione o semplice consultazione.<\/p>\n<p>I dati vengono comunicati ai destinatari nella misura strettamente necessaria in relazione alle finalit\u00e0 di cui sopra. Potranno essere comunicati ai lavoratori che operano alle dipendenze del Titolare; in particolare, sulla base dei ruoli e delle mansioni espletate, alcuni di essi sono stati legittimati a trattare i dati personali, nei limiti delle loro competenze ed in conformit\u00e0 alle istruzioni impartite. Potranno inoltre essere comunicati, nei limiti strettamente necessari, ai soggetti esterni che collaborano con il Titolare ed ai soggetti che per finalit\u00e0 di evasione degli acquisti o di altre richieste o di prestazioni di servizio relativi alla transazione o al rapporto contrattuale con il Titolare, debbano fornire beni e\/o eseguire prestazioni o servizi. Potranno, inoltre, essere comunicati ai soggetti legittimati ad accedervi in forza di disposizioni di legge, regolamenti, normative comunitarie.<\/p>\n<p>Infine, i dati potranno essere comunicati a terzi appartenenti alle seguenti categorie:<\/p>\n<ul>\n<li>soggetti che forniscono servizi per la gestione del sistema informativo usato e per il funzionamento del Sito;<\/li>\n<li>autorit\u00e0 competenti per adempimenti di obblighi di legge e\/o di disposizioni di organi pubblici, su richiesta.<\/li>\n<\/ul>\n<ul>\n<li>TRASFERIMENTO DEI DATI<\/li>\n<\/ul>\n<p>Il Titolare del trattamento non trasferisce i dati personali in paesi terzi o a organizzazioni internazionali. Tuttavia, si riserva la possibilit\u00e0 di utilizzare servizi in cloud; nel qual caso, i fornitori dei servizi saranno selezionati tra coloro che forniscono garanzie adeguate, cos\u00ec come previsto dall\u2019art. 46 GDPR 679\/16.<\/p>\n<ul>\n<li>MODALIT\u00c0 DEL TRATTAMENTO E CONSERVAZIONE DEI DATI<\/li>\n<\/ul>\n<p>Il trattamento sar\u00e0 svolto in forma automatizzata e\/o manuale, con modalit\u00e0 e strumenti volti a garantire la massima sicurezza e riservatezza, ad opera di soggetti di ci\u00f2 appositamente incaricati in ottemperanza a quanto previsto dall\u2019art. 4 e dal principio di accountability del G.D.P.R.<\/p>\n<p>Il Titolare del trattamento conserva e tratta i dati personali per il tempo necessario ad adempiere alle finalit\u00e0 indicate, o allo svolgimento di quanto richiesto dall\u2019utente. Successivamente, i dati personali saranno conservati, e non ulteriormente trattati, per il tempo stabilito dalle vigenti disposizioni in materia civilistica e fiscale.<\/p>\n<p>I dati trattati per finalit\u00e0 di marketing saranno conservati dalla Societ\u00e0 dal momento in cui l\u2019interessato ha fornito il proprio consenso fino a che tale consenso non sar\u00e0 revocato.<\/p>\n<ul>\n<li>DIRITTI DELL\u2019INTERESSATO<\/li>\n<\/ul>\n<p>Ai sensi del GDPR 679\/2016 l\u2019interessato ha diritto di accesso (art. 15), diritto di rettifica (art. 16), diritto alla cancellazione (art. 17), diritto alla limitazione del trattamento (art. 18), diritto alla portabilit\u00e0 (art. 20), diritto di opposizione (art. 21), diritto di opposizione al processo decisionale automatizzato (art. 22).<\/p>\n<p>L\u2019interessato al fine di far valere i propri diritti pu\u00f2 contattare il Titolare del trattamento specificando l\u2019oggetto della sua richiesta, il diritto che intende esercitare e allegando fotocopia di un documento di identit\u00e0 che attesti la legittimit\u00e0 della richiesta al seguente indirizzo:<\/p>\n<p>Titolare del trattamento &#8211; ALESSIO MOBILI DI ALESSIO ROBERTO &amp; C. S.N.C. &#8211; Via Torino, 68\/70 &#8211; 12048 \u2013 Sommariva del Bosco (CN) &#8211; Italia \u2013 tel. 340\/2626900 \u2013 mail <a href=\"mailto:info@antichitaalessio.com\">info@antichitaalessio.com<\/a><\/p>\n<ul>\n<li>REVOCA DEL CONSENSO E PROPOSIZIONE DI RECLAMO<\/li>\n<\/ul>\n<p>Con riferimento all\u2019art. 6 del GDPR 679\/16, l\u2019interessato pu\u00f2 revocare in qualsiasi momento il consenso prestato, fatto salvo quello relativo alle comunicazioni di dati a soggetti terzi previste per legge, la cui mancata trasmissione potrebbe compromettere in tutto o in parte la fornitura del servizio.<\/p>\n<p>L\u2019interessato ha il diritto di proporre reclamo all\u2019autorit\u00e0 di controllo dello stato di residenza.<\/p>\n<ul>\n<li>RIFIUTO AL CONFERIMENTO DEI DATI<\/li>\n<\/ul>\n<p>L\u2019interessato non pu\u00f2 rifiutarsi di conferire al Titolare i dati personali necessari per ottemperare le norme di legge che regolamentano le transazioni commerciali e la fiscalit\u00e0. Il conferimento di ulteriori dati personali potrebbe essere necessario per migliorare la qualit\u00e0 e l\u2019efficienza della transazione. Pertanto, il rifiuto al conferimento dei dati necessari per legge impedir\u00e0 l\u2019evasione degli ordini; mentre il conferimento dei dati ulteriori potr\u00e0 compromettere in tutto o in parte l\u2019evasione di altre richieste e la qualit\u00e0 e l\u2019efficienza della transazione stessa.<\/p>\n<ul>\n<li>PROCESSI DECISIONALI AUTOMATIZZATI<\/li>\n<\/ul>\n<p>Il Titolare non effettua trattamenti che consistano in processi decisionali automatizzati sui dati.<\/p>\n<ul>\n<li>TITOLARE DEL TRATTAMENTO<\/li>\n<\/ul>\n<p>Il Titolare del trattamento garantisce la sicurezza, la riservatezza e la protezione dei dati personali di cui \u00e8 in possesso, in qualsiasi fase del processo di trattamento degli stessi.<\/p>\n<p>L\u2019elenco aggiornato dei Responsabili esterni \u00e8 disponibile presso il Titolare del trattamento.<\/p>\n<ul>\n<li>MODIFICHE ALLA PRESENTE INFORMATIVA<\/li>\n<\/ul>\n<p>Il Titolare si riserva la possibilit\u00e0 di modificare il contenuto della presente informativa, in tutto o in parte, anche a causa di variazioni della normativa Privacy.<\/p>\n<p>Il Titolare effettuer\u00e0 la pubblicazione sul Sito della versione aggiornata del presente atto, e da quel momento essa sar\u00e0 vincolante: l\u2019interessato \u00e8 perci\u00f2 invitato a visitare con regolarit\u00e0 questa sezione.<\/p>\n<p>[\/vc_column_text][robin_space height=&#8221;120&#8243; height_lg=&#8221;100&#8243; height_md=&#8221;80&#8243; height_sm=&#8221;60&#8243; height_xs=&#8221;50&#8243;][\/vc_column][\/vc_row]<\/p>\n","protected":false},"excerpt":{"rendered":"<p>[vc_row][vc_column][vc_column_text] Informativa trattamento dati personali \u00a0 ALESSIO MOBILI DI ALESSIO ROBERTO &amp; C. S.N.C., in qualit\u00e0 di titolare del trattamento dei dati personali ai sensi degli artt.13 e 14 del Regolamento UE 679\/2016 &#8211; Regolamento Generale sulla Protezione dei Dati (\u201cRGPD\u201d), in ottemperanza agli obblighi dettati dal legislatore a tutela della privacy, con la presente [&hellip;]<\/p>\n","protected":false},"author":2,"featured_media":0,"parent":0,"menu_order":42,"comment_status":"closed","ping_status":"closed","template":"","meta":{"footnotes":""},"class_list":["post-5774","page","type-page","status-publish","hentry"],"yoast_head":"<!-- This site is optimized with the Yoast SEO plugin v24.3 - https:\/\/yoast.com\/wordpress\/plugins\/seo\/ -->\n<title>Privacy Policy - Antichit\u00e0 Alessio<\/title>\n<meta name=\"robots\" content=\"index, follow, max-snippet:-1, max-image-preview:large, max-video-preview:-1\" \/>\n<link rel=\"canonical\" href=\"https:\/\/antichitaalessio.com\/en\/privacy-policy\/\" \/>\n<meta property=\"og:locale\" content=\"en_US\" \/>\n<meta property=\"og:type\" content=\"article\" \/>\n<meta property=\"og:title\" content=\"Privacy Policy - Antichit\u00e0 Alessio\" \/>\n<meta property=\"og:description\" content=\"[vc_row][vc_column][vc_column_text] Informativa trattamento dati personali \u00a0 ALESSIO MOBILI DI ALESSIO ROBERTO &amp; C. S.N.C., in qualit\u00e0 di titolare del trattamento dei dati personali ai sensi degli artt.13 e 14 del Regolamento UE 679\/2016 &#8211; Regolamento Generale sulla Protezione dei Dati (\u201cRGPD\u201d), in ottemperanza agli obblighi dettati dal legislatore a tutela della privacy, con la presente [&hellip;]\" \/>\n<meta property=\"og:url\" content=\"https:\/\/antichitaalessio.com\/en\/privacy-policy\/\" \/>\n<meta property=\"og:site_name\" content=\"Antichit\u00e0 Alessio\" \/>\n<meta property=\"article:modified_time\" content=\"2020-12-22T16:37:32+00:00\" \/>\n<meta name=\"twitter:card\" content=\"summary_large_image\" \/>\n<meta name=\"twitter:label1\" content=\"Est. reading time\" \/>\n\t<meta name=\"twitter:data1\" content=\"6 minutes\" \/>\n<script type=\"application\/ld+json\" class=\"yoast-schema-graph\">{\"@context\":\"https:\/\/schema.org\",\"@graph\":[{\"@type\":\"WebPage\",\"@id\":\"https:\/\/antichitaalessio.com\/en\/privacy-policy\/\",\"url\":\"https:\/\/antichitaalessio.com\/en\/privacy-policy\/\",\"name\":\"Privacy Policy - Antichit\u00e0 Alessio\",\"isPartOf\":{\"@id\":\"https:\/\/antichitaalessio.com\/#website\"},\"datePublished\":\"2020-08-03T08:10:25+00:00\",\"dateModified\":\"2020-12-22T16:37:32+00:00\",\"breadcrumb\":{\"@id\":\"https:\/\/antichitaalessio.com\/en\/privacy-policy\/#breadcrumb\"},\"inLanguage\":\"en-US\",\"potentialAction\":[{\"@type\":\"ReadAction\",\"target\":[\"https:\/\/antichitaalessio.com\/en\/privacy-policy\/\"]}]},{\"@type\":\"BreadcrumbList\",\"@id\":\"https:\/\/antichitaalessio.com\/en\/privacy-policy\/#breadcrumb\",\"itemListElement\":[{\"@type\":\"ListItem\",\"position\":1,\"name\":\"Home\",\"item\":\"https:\/\/antichitaalessio.com\/en\/\"},{\"@type\":\"ListItem\",\"position\":2,\"name\":\"Privacy Policy\"}]},{\"@type\":\"WebSite\",\"@id\":\"https:\/\/antichitaalessio.com\/#website\",\"url\":\"https:\/\/antichitaalessio.com\/\",\"name\":\"Antichit\u00e0 Alessio\",\"description\":\"Antichit\u00e0 e Home Decor\",\"potentialAction\":[{\"@type\":\"SearchAction\",\"target\":{\"@type\":\"EntryPoint\",\"urlTemplate\":\"https:\/\/antichitaalessio.com\/?s={search_term_string}\"},\"query-input\":{\"@type\":\"PropertyValueSpecification\",\"valueRequired\":true,\"valueName\":\"search_term_string\"}}],\"inLanguage\":\"en-US\"}]}<\/script>\n<!-- \/ Yoast SEO plugin. -->","yoast_head_json":{"title":"Privacy Policy - Antichit\u00e0 Alessio","robots":{"index":"index","follow":"follow","max-snippet":"max-snippet:-1","max-image-preview":"max-image-preview:large","max-video-preview":"max-video-preview:-1"},"canonical":"https:\/\/antichitaalessio.com\/en\/privacy-policy\/","og_locale":"en_US","og_type":"article","og_title":"Privacy Policy - Antichit\u00e0 Alessio","og_description":"[vc_row][vc_column][vc_column_text] Informativa trattamento dati personali \u00a0 ALESSIO MOBILI DI ALESSIO ROBERTO &amp; C. S.N.C., in qualit\u00e0 di titolare del trattamento dei dati personali ai sensi degli artt.13 e 14 del Regolamento UE 679\/2016 &#8211; Regolamento Generale sulla Protezione dei Dati (\u201cRGPD\u201d), in ottemperanza agli obblighi dettati dal legislatore a tutela della privacy, con la presente [&hellip;]","og_url":"https:\/\/antichitaalessio.com\/en\/privacy-policy\/","og_site_name":"Antichit\u00e0 Alessio","article_modified_time":"2020-12-22T16:37:32+00:00","twitter_card":"summary_large_image","twitter_misc":{"Est. reading time":"6 minutes"},"schema":{"@context":"https:\/\/schema.org","@graph":[{"@type":"WebPage","@id":"https:\/\/antichitaalessio.com\/en\/privacy-policy\/","url":"https:\/\/antichitaalessio.com\/en\/privacy-policy\/","name":"Privacy Policy - Antichit\u00e0 Alessio","isPartOf":{"@id":"https:\/\/antichitaalessio.com\/#website"},"datePublished":"2020-08-03T08:10:25+00:00","dateModified":"2020-12-22T16:37:32+00:00","breadcrumb":{"@id":"https:\/\/antichitaalessio.com\/en\/privacy-policy\/#breadcrumb"},"inLanguage":"en-US","potentialAction":[{"@type":"ReadAction","target":["https:\/\/antichitaalessio.com\/en\/privacy-policy\/"]}]},{"@type":"BreadcrumbList","@id":"https:\/\/antichitaalessio.com\/en\/privacy-policy\/#breadcrumb","itemListElement":[{"@type":"ListItem","position":1,"name":"Home","item":"https:\/\/antichitaalessio.com\/en\/"},{"@type":"ListItem","position":2,"name":"Privacy Policy"}]},{"@type":"WebSite","@id":"https:\/\/antichitaalessio.com\/#website","url":"https:\/\/antichitaalessio.com\/","name":"Antichit\u00e0 Alessio","description":"Antichit\u00e0 e Home Decor","potentialAction":[{"@type":"SearchAction","target":{"@type":"EntryPoint","urlTemplate":"https:\/\/antichitaalessio.com\/?s={search_term_string}"},"query-input":{"@type":"PropertyValueSpecification","valueRequired":true,"valueName":"search_term_string"}}],"inLanguage":"en-US"}]}},"_links":{"self":[{"href":"https:\/\/antichitaalessio.com\/en\/wp-json\/wp\/v2\/pages\/5774","targetHints":{"allow":["GET"]}}],"collection":[{"href":"https:\/\/antichitaalessio.com\/en\/wp-json\/wp\/v2\/pages"}],"about":[{"href":"https:\/\/antichitaalessio.com\/en\/wp-json\/wp\/v2\/types\/page"}],"author":[{"embeddable":true,"href":"https:\/\/antichitaalessio.com\/en\/wp-json\/wp\/v2\/users\/2"}],"replies":[{"embeddable":true,"href":"https:\/\/antichitaalessio.com\/en\/wp-json\/wp\/v2\/comments?post=5774"}],"version-history":[{"count":0,"href":"https:\/\/antichitaalessio.com\/en\/wp-json\/wp\/v2\/pages\/5774\/revisions"}],"wp:attachment":[{"href":"https:\/\/antichitaalessio.com\/en\/wp-json\/wp\/v2\/media?parent=5774"}],"curies":[{"name":"wp","href":"https:\/\/api.w.org\/{rel}","templated":true}]}}